{"id":5047,"date":"2020-07-27T13:30:45","date_gmt":"2020-07-27T11:30:45","guid":{"rendered":"https:\/\/lescanons.co\/product\/canon-brut-le-chenin\/"},"modified":"2024-12-21T00:04:56","modified_gmt":"2024-12-20T23:04:56","slug":"caisse-de-cremant-de-loire-brut-2","status":"publish","type":"product","link":"https:\/\/lescanons.co\/en\/product\/caisse-de-cremant-de-loire-brut-2\/","title":{"rendered":"Canon Brut &#8211; Le Chenin"},"content":{"rendered":"<p>Case of six 75-cl bottles.<\/p>\n<p><strong>Grape variety<\/strong>: 100% Chenin.<br \/>\n<strong>Terroir<\/strong>: clay shale.<\/p>\n<p><strong>Vinification<\/strong>: Harvesting by hand into perforated crates. Separation of the first juices. Slow pressing, gradual increase in pressure. Traditional method (first fermentation in a vat, second fermentation in the bottle). Aged on laths. Disgorging with no added sugar.<\/p>\n<p><strong>Wine profile<\/strong>: A 100% Chenin Cr\u00e9mant de Loire, one of the finest champagne methods in France. The freshness, intensity and Chenin character make this cr\u00e9mant a gold standard for lovers of sparkling wines.<\/p>\n<p><strong>Tasting note<\/strong>: The nose is lively and slightly austere, forthright like a Chenin.<br \/>\nThis cuv\u00e9e expresses lovely fresh, mineral, aromatic and slightly fruit-forward notes that linger on the palate. A 100% Chenin dry sparkling wine, just the way we like it.<\/p>\n","protected":false},"excerpt":{"rendered":"<p>Case of six 75-cl bottles. Grape variety: 100% Chenin. Terroir: clay shale. Vinification: Harvesting by hand into perforated crates. Separation of the first juices. Slow pressing, gradual increase in pressure. Traditional method (first fermentation in a vat, second fermentation in the bottle). Aged on laths. Disgorging with no added sugar. Wine profile: A 100% Chenin [&hellip;]<\/p>\n","protected":false},"featured_media":6258,"template":"","meta":[],"product_brand":[],"product_cat":[54,55,53],"product_tag":[],"class_list":{"0":"post-5047","1":"product","2":"type-product","3":"status-publish","4":"has-post-thumbnail","6":"product_cat-case","7":"product_cat-the-grape-varieties","8":"product_cat-wine","10":"first","11":"instock","12":"taxable","13":"shipping-taxable","14":"purchasable","15":"product-type-simple"},"yoast_head":"<!-- This site is optimized with the Yoast SEO plugin v27.3 - https:\/\/yoast.com\/product\/yoast-seo-wordpress\/ -->\n<title>Canon Brut - Le Chenin - Domaine Les Canons<\/title>\n<meta name=\"description\" content=\"Discover the Cr\u00e9mant de Loire Brut from the Les Canons estate, a 100% Chenin produced using the traditional method. Harvesting by hand into perforated crates...\" \/>\n<meta name=\"robots\" content=\"index, follow, max-snippet:-1, max-image-preview:large, max-video-preview:-1\" \/>\n<link rel=\"canonical\" href=\"https:\/\/lescanons.co\/en\/product\/caisse-de-cremant-de-loire-brut-2\/\" \/>\n<meta property=\"og:locale\" content=\"en_US\" \/>\n<meta property=\"og:type\" content=\"article\" \/>\n<meta property=\"og:title\" content=\"Canon Brut - Le Chenin - Domaine Les Canons\" \/>\n<meta property=\"og:description\" content=\"D\u00e9couvrez le Cr\u00e9mant de Loire brut du Domaine Les Canons, un 100% chenin vinifi\u00e9 en m\u00e9thode traditionnelle.\" \/>\n<meta property=\"og:url\" content=\"https:\/\/lescanons.co\/en\/product\/caisse-de-cremant-de-loire-brut-2\/\" \/>\n<meta property=\"og:site_name\" content=\"Domaine Les Canons\" \/>\n<meta property=\"article:publisher\" content=\"https:\/\/www.facebook.com\/LesCanonsFrance\/\" \/>\n<meta property=\"article:modified_time\" content=\"2024-12-20T23:04:56+00:00\" \/>\n<meta property=\"og:image\" content=\"https:\/\/lescanons.co\/wp-content\/uploads\/2020\/07\/chenin.png\" \/>\n\t<meta property=\"og:image:width\" content=\"600\" \/>\n\t<meta property=\"og:image:height\" content=\"905\" \/>\n\t<meta property=\"og:image:type\" content=\"image\/png\" \/>\n<meta name=\"twitter:card\" content=\"summary_large_image\" \/>\n<meta name=\"twitter:description\" content=\"D\u00e9couvrez le Cr\u00e9mant de Loire brut du Domaine Les Canons, un 100% chenin vinifi\u00e9 en m\u00e9thode traditionnelle.\" \/>\n<meta name=\"twitter:label1\" content=\"Est. reading time\" \/>\n\t<meta name=\"twitter:data1\" content=\"1 minute\" \/>\n<script type=\"application\/ld+json\" class=\"yoast-schema-graph\">{\"@context\":\"https:\\\/\\\/schema.org\",\"@graph\":[{\"@type\":\"WebPage\",\"@id\":\"https:\\\/\\\/lescanons.co\\\/en\\\/product\\\/caisse-de-cremant-de-loire-brut-2\\\/\",\"url\":\"https:\\\/\\\/lescanons.co\\\/en\\\/product\\\/caisse-de-cremant-de-loire-brut-2\\\/\",\"name\":\"Canon Brut - Le Chenin - Domaine Les Canons\",\"isPartOf\":{\"@id\":\"https:\\\/\\\/lescanons.co\\\/#website\"},\"primaryImageOfPage\":{\"@id\":\"https:\\\/\\\/lescanons.co\\\/en\\\/product\\\/caisse-de-cremant-de-loire-brut-2\\\/#primaryimage\"},\"image\":{\"@id\":\"https:\\\/\\\/lescanons.co\\\/en\\\/product\\\/caisse-de-cremant-de-loire-brut-2\\\/#primaryimage\"},\"thumbnailUrl\":\"https:\\\/\\\/lescanons.co\\\/wp-content\\\/uploads\\\/2023\\\/01\\\/chenin.png\",\"datePublished\":\"2020-07-27T11:30:45+00:00\",\"dateModified\":\"2024-12-20T23:04:56+00:00\",\"description\":\"Discover the Cr\u00e9mant de Loire Brut from the Les Canons estate, a 100% Chenin produced using the traditional method. Harvesting by hand into perforated crates...\",\"breadcrumb\":{\"@id\":\"https:\\\/\\\/lescanons.co\\\/en\\\/product\\\/caisse-de-cremant-de-loire-brut-2\\\/#breadcrumb\"},\"inLanguage\":\"en-US\",\"potentialAction\":[{\"@type\":\"ReadAction\",\"target\":[\"https:\\\/\\\/lescanons.co\\\/en\\\/product\\\/caisse-de-cremant-de-loire-brut-2\\\/\"]}]},{\"@type\":\"ImageObject\",\"inLanguage\":\"en-US\",\"@id\":\"https:\\\/\\\/lescanons.co\\\/en\\\/product\\\/caisse-de-cremant-de-loire-brut-2\\\/#primaryimage\",\"url\":\"https:\\\/\\\/lescanons.co\\\/wp-content\\\/uploads\\\/2023\\\/01\\\/chenin.png\",\"contentUrl\":\"https:\\\/\\\/lescanons.co\\\/wp-content\\\/uploads\\\/2023\\\/01\\\/chenin.png\",\"width\":905,\"height\":905,\"caption\":\"Photo du cr\u00e9mant les Canons\"},{\"@type\":\"BreadcrumbList\",\"@id\":\"https:\\\/\\\/lescanons.co\\\/en\\\/product\\\/caisse-de-cremant-de-loire-brut-2\\\/#breadcrumb\",\"itemListElement\":[{\"@type\":\"ListItem\",\"position\":1,\"name\":\"Accueil\",\"item\":\"https:\\\/\\\/lescanons.co\\\/en\\\/\"},{\"@type\":\"ListItem\",\"position\":2,\"name\":\"Store\",\"item\":\"https:\\\/\\\/lescanons.co\\\/en\\\/boutique-domaine-les-canons\\\/\"},{\"@type\":\"ListItem\",\"position\":3,\"name\":\"Canon Brut &#8211; Le Chenin\"}]},{\"@type\":\"WebSite\",\"@id\":\"https:\\\/\\\/lescanons.co\\\/#website\",\"url\":\"https:\\\/\\\/lescanons.co\\\/\",\"name\":\"Domaine Les Canons\",\"description\":\"Vignerons depuis 1674\",\"publisher\":{\"@id\":\"https:\\\/\\\/lescanons.co\\\/#organization\"},\"potentialAction\":[{\"@type\":\"SearchAction\",\"target\":{\"@type\":\"EntryPoint\",\"urlTemplate\":\"https:\\\/\\\/lescanons.co\\\/?s={search_term_string}\"},\"query-input\":{\"@type\":\"PropertyValueSpecification\",\"valueRequired\":true,\"valueName\":\"search_term_string\"}}],\"inLanguage\":\"en-US\"},{\"@type\":\"Organization\",\"@id\":\"https:\\\/\\\/lescanons.co\\\/#organization\",\"name\":\"Domaine Les Canons\",\"url\":\"https:\\\/\\\/lescanons.co\\\/\",\"logo\":{\"@type\":\"ImageObject\",\"inLanguage\":\"en-US\",\"@id\":\"https:\\\/\\\/lescanons.co\\\/#\\\/schema\\\/logo\\\/image\\\/\",\"url\":\"https:\\\/\\\/lescanons.co\\\/wp-content\\\/uploads\\\/2022\\\/04\\\/logocanons-blanc.png\",\"contentUrl\":\"https:\\\/\\\/lescanons.co\\\/wp-content\\\/uploads\\\/2022\\\/04\\\/logocanons-blanc.png\",\"width\":867,\"height\":590,\"caption\":\"Domaine Les Canons\"},\"image\":{\"@id\":\"https:\\\/\\\/lescanons.co\\\/#\\\/schema\\\/logo\\\/image\\\/\"},\"sameAs\":[\"https:\\\/\\\/www.facebook.com\\\/LesCanonsFrance\\\/\",\"https:\\\/\\\/www.tiktok.com\\\/@les.canons.vignerons?is_from_webapp=1&sender_device=pc\"]}]}<\/script>\n<!-- \/ Yoast SEO plugin. -->","yoast_head_json":{"title":"Canon Brut - Le Chenin - Domaine Les Canons","description":"Discover the Cr\u00e9mant de Loire Brut from the Les Canons estate, a 100% Chenin produced using the traditional method. Harvesting by hand into perforated crates...","robots":{"index":"index","follow":"follow","max-snippet":"max-snippet:-1","max-image-preview":"max-image-preview:large","max-video-preview":"max-video-preview:-1"},"canonical":"https:\/\/lescanons.co\/en\/product\/caisse-de-cremant-de-loire-brut-2\/","og_locale":"en_US","og_type":"article","og_title":"Canon Brut - Le Chenin - Domaine Les Canons","og_description":"D\u00e9couvrez le Cr\u00e9mant de Loire brut du Domaine Les Canons, un 100% chenin vinifi\u00e9 en m\u00e9thode traditionnelle.","og_url":"https:\/\/lescanons.co\/en\/product\/caisse-de-cremant-de-loire-brut-2\/","og_site_name":"Domaine Les Canons","article_publisher":"https:\/\/www.facebook.com\/LesCanonsFrance\/","article_modified_time":"2024-12-20T23:04:56+00:00","og_image":[{"width":600,"height":905,"url":"https:\/\/lescanons.co\/wp-content\/uploads\/2020\/07\/chenin.png","type":"image\/png"}],"twitter_card":"summary_large_image","twitter_description":"D\u00e9couvrez le Cr\u00e9mant de Loire brut du Domaine Les Canons, un 100% chenin vinifi\u00e9 en m\u00e9thode traditionnelle.","twitter_misc":{"Est. reading time":"1 minute"},"schema":{"@context":"https:\/\/schema.org","@graph":[{"@type":"WebPage","@id":"https:\/\/lescanons.co\/en\/product\/caisse-de-cremant-de-loire-brut-2\/","url":"https:\/\/lescanons.co\/en\/product\/caisse-de-cremant-de-loire-brut-2\/","name":"Canon Brut - Le Chenin - Domaine Les Canons","isPartOf":{"@id":"https:\/\/lescanons.co\/#website"},"primaryImageOfPage":{"@id":"https:\/\/lescanons.co\/en\/product\/caisse-de-cremant-de-loire-brut-2\/#primaryimage"},"image":{"@id":"https:\/\/lescanons.co\/en\/product\/caisse-de-cremant-de-loire-brut-2\/#primaryimage"},"thumbnailUrl":"https:\/\/lescanons.co\/wp-content\/uploads\/2023\/01\/chenin.png","datePublished":"2020-07-27T11:30:45+00:00","dateModified":"2024-12-20T23:04:56+00:00","description":"Discover the Cr\u00e9mant de Loire Brut from the Les Canons estate, a 100% Chenin produced using the traditional method. Harvesting by hand into perforated crates...","breadcrumb":{"@id":"https:\/\/lescanons.co\/en\/product\/caisse-de-cremant-de-loire-brut-2\/#breadcrumb"},"inLanguage":"en-US","potentialAction":[{"@type":"ReadAction","target":["https:\/\/lescanons.co\/en\/product\/caisse-de-cremant-de-loire-brut-2\/"]}]},{"@type":"ImageObject","inLanguage":"en-US","@id":"https:\/\/lescanons.co\/en\/product\/caisse-de-cremant-de-loire-brut-2\/#primaryimage","url":"https:\/\/lescanons.co\/wp-content\/uploads\/2023\/01\/chenin.png","contentUrl":"https:\/\/lescanons.co\/wp-content\/uploads\/2023\/01\/chenin.png","width":905,"height":905,"caption":"Photo du cr\u00e9mant les Canons"},{"@type":"BreadcrumbList","@id":"https:\/\/lescanons.co\/en\/product\/caisse-de-cremant-de-loire-brut-2\/#breadcrumb","itemListElement":[{"@type":"ListItem","position":1,"name":"Accueil","item":"https:\/\/lescanons.co\/en\/"},{"@type":"ListItem","position":2,"name":"Store","item":"https:\/\/lescanons.co\/en\/boutique-domaine-les-canons\/"},{"@type":"ListItem","position":3,"name":"Canon Brut &#8211; Le Chenin"}]},{"@type":"WebSite","@id":"https:\/\/lescanons.co\/#website","url":"https:\/\/lescanons.co\/","name":"Domaine Les Canons","description":"Vignerons depuis 1674","publisher":{"@id":"https:\/\/lescanons.co\/#organization"},"potentialAction":[{"@type":"SearchAction","target":{"@type":"EntryPoint","urlTemplate":"https:\/\/lescanons.co\/?s={search_term_string}"},"query-input":{"@type":"PropertyValueSpecification","valueRequired":true,"valueName":"search_term_string"}}],"inLanguage":"en-US"},{"@type":"Organization","@id":"https:\/\/lescanons.co\/#organization","name":"Domaine Les Canons","url":"https:\/\/lescanons.co\/","logo":{"@type":"ImageObject","inLanguage":"en-US","@id":"https:\/\/lescanons.co\/#\/schema\/logo\/image\/","url":"https:\/\/lescanons.co\/wp-content\/uploads\/2022\/04\/logocanons-blanc.png","contentUrl":"https:\/\/lescanons.co\/wp-content\/uploads\/2022\/04\/logocanons-blanc.png","width":867,"height":590,"caption":"Domaine Les Canons"},"image":{"@id":"https:\/\/lescanons.co\/#\/schema\/logo\/image\/"},"sameAs":["https:\/\/www.facebook.com\/LesCanonsFrance\/","https:\/\/www.tiktok.com\/@les.canons.vignerons?is_from_webapp=1&sender_device=pc"]}]}},"_links":{"self":[{"href":"https:\/\/lescanons.co\/en\/wp-json\/wp\/v2\/product\/5047","targetHints":{"allow":["GET"]}}],"collection":[{"href":"https:\/\/lescanons.co\/en\/wp-json\/wp\/v2\/product"}],"about":[{"href":"https:\/\/lescanons.co\/en\/wp-json\/wp\/v2\/types\/product"}],"version-history":[{"count":0,"href":"https:\/\/lescanons.co\/en\/wp-json\/wp\/v2\/product\/5047\/revisions"}],"wp:featuredmedia":[{"embeddable":true,"href":"https:\/\/lescanons.co\/en\/wp-json\/wp\/v2\/media\/6258"}],"wp:attachment":[{"href":"https:\/\/lescanons.co\/en\/wp-json\/wp\/v2\/media?parent=5047"}],"wp:term":[{"taxonomy":"product_brand","embeddable":true,"href":"https:\/\/lescanons.co\/en\/wp-json\/wp\/v2\/product_brand?post=5047"},{"taxonomy":"product_cat","embeddable":true,"href":"https:\/\/lescanons.co\/en\/wp-json\/wp\/v2\/product_cat?post=5047"},{"taxonomy":"product_tag","embeddable":true,"href":"https:\/\/lescanons.co\/en\/wp-json\/wp\/v2\/product_tag?post=5047"}],"curies":[{"name":"wp","href":"https:\/\/api.w.org\/{rel}","templated":true}]}}