{"id":5050,"date":"2020-07-30T13:30:41","date_gmt":"2020-07-30T11:30:41","guid":{"rendered":"https:\/\/lescanons.co\/product\/canon-rose\/"},"modified":"2022-10-19T10:12:52","modified_gmt":"2022-10-19T08:12:52","slug":"caisse-de-rose-de-loire-2","status":"publish","type":"product","link":"https:\/\/lescanons.co\/en\/product\/caisse-de-rose-de-loire-2\/","title":{"rendered":"Canon Ros\u00e9"},"content":{"rendered":"<p>Case of six 75-cl bottles.<\/p>\n<p><strong>Grape variety<\/strong>: Cabernet Franc, Cabernet Sauvignon, Grolleau, Gamay and Pineau d\u2019Aunis<br \/>\n<strong>Terroir<\/strong>: Anjou gravel<br \/>\n<strong>Harvest<\/strong>: mechanical harvesting, early in the morning to preserve the freshness of the juices.<\/p>\n<p><strong>Vinification<\/strong>: Separation of the first juices. Nitrogen pressing to protect the juices from oxidation, gradual rise in pressure.<br \/>\nNo maceration, wine constantly protected with carbon dioxide and nitrogen during transport to preserve its pale color and the freshness of its aromas.<\/p>\n<p><strong>Wine profile<\/strong>: Our ultra-fresh Ros\u00e9 de Loire reveals a delicate bouquet of fresh, gourmand fruit, underpinned by light citrus notes and a beautiful minerality. An elegant and subtle ros\u00e9.<\/p>\n<div><\/div>\n<p><strong>Tasting note: Our Ros\u00e9 de Loire presents a beautiful pale pink, almost grey, shade.<\/strong> On the nose, we find red berry and citrus aromas and almost a slight saltiness. It is light and refreshing on the palate, with fresh fruit notes and a lovely tension.<\/p>\n","protected":false},"excerpt":{"rendered":"<p>Case of six 75-cl bottles. Grape variety: Cabernet Franc, Cabernet Sauvignon, Grolleau, Gamay and Pineau d\u2019Aunis Terroir: Anjou gravel Harvest: mechanical harvesting, early in the morning to preserve the freshness of the juices. Vinification: Separation of the first juices. Nitrogen pressing to protect the juices from oxidation, gradual rise in pressure. No maceration, wine constantly [&hellip;]<\/p>\n","protected":false},"featured_media":4540,"template":"","meta":[],"product_brand":[],"product_cat":[54,58,53],"product_tag":[],"class_list":{"0":"post-5050","1":"product","2":"type-product","3":"status-publish","4":"has-post-thumbnail","6":"product_cat-case","7":"product_cat-les-ephemeres-en","8":"product_cat-wine","10":"first","11":"outofstock","12":"taxable","13":"shipping-taxable","14":"purchasable","15":"product-type-simple"},"yoast_head":"<!-- This site is optimized with the Yoast SEO plugin v27.4 - https:\/\/yoast.com\/product\/yoast-seo-wordpress\/ -->\n<title>Canon Ros\u00e9 - Domaine Les Canons<\/title>\n<meta name=\"description\" content=\"Discover the Cr\u00e9mant de Loire Brut from the Les Canons estate, a 100% Chenin produced using the traditional method. Harvesting by hand into perforated crates\u2026\" \/>\n<meta name=\"robots\" content=\"index, follow, max-snippet:-1, max-image-preview:large, max-video-preview:-1\" \/>\n<link rel=\"canonical\" href=\"https:\/\/lescanons.co\/en\/product\/caisse-de-rose-de-loire-2\/\" \/>\n<meta property=\"og:locale\" content=\"en_US\" \/>\n<meta property=\"og:type\" content=\"article\" \/>\n<meta property=\"og:title\" content=\"Canon Ros\u00e9 - Domaine Les Canons\" \/>\n<meta property=\"og:description\" content=\"D\u00e9couvrez le Cr\u00e9mant de Loire brut du Domaine Les Canons, un 100% chenin vinifi\u00e9 en m\u00e9thode traditionnelle.\" \/>\n<meta property=\"og:url\" content=\"https:\/\/lescanons.co\/en\/product\/caisse-de-rose-de-loire-2\/\" \/>\n<meta property=\"og:site_name\" content=\"Domaine Les Canons\" \/>\n<meta property=\"article:publisher\" content=\"https:\/\/www.facebook.com\/LesCanonsFrance\/\" \/>\n<meta property=\"article:modified_time\" content=\"2022-10-19T08:12:52+00:00\" \/>\n<meta property=\"og:image\" content=\"https:\/\/lescanons.co\/wp-content\/uploads\/2020\/07\/rose.png\" \/>\n\t<meta property=\"og:image:width\" content=\"600\" \/>\n\t<meta property=\"og:image:height\" content=\"905\" \/>\n\t<meta property=\"og:image:type\" content=\"image\/png\" \/>\n<meta name=\"twitter:card\" content=\"summary_large_image\" \/>\n<meta name=\"twitter:description\" content=\"D\u00e9couvrez le Cr\u00e9mant de Loire brut du Domaine Les Canons, un 100% chenin vinifi\u00e9 en m\u00e9thode traditionnelle.\" \/>\n<meta name=\"twitter:label1\" content=\"Est. reading time\" \/>\n\t<meta name=\"twitter:data1\" content=\"1 minute\" \/>\n<script type=\"application\/ld+json\" class=\"yoast-schema-graph\">{\"@context\":\"https:\\\/\\\/schema.org\",\"@graph\":[{\"@type\":\"WebPage\",\"@id\":\"https:\\\/\\\/lescanons.co\\\/en\\\/product\\\/caisse-de-rose-de-loire-2\\\/\",\"url\":\"https:\\\/\\\/lescanons.co\\\/en\\\/product\\\/caisse-de-rose-de-loire-2\\\/\",\"name\":\"Canon Ros\u00e9 - Domaine Les Canons\",\"isPartOf\":{\"@id\":\"https:\\\/\\\/lescanons.co\\\/#website\"},\"primaryImageOfPage\":{\"@id\":\"https:\\\/\\\/lescanons.co\\\/en\\\/product\\\/caisse-de-rose-de-loire-2\\\/#primaryimage\"},\"image\":{\"@id\":\"https:\\\/\\\/lescanons.co\\\/en\\\/product\\\/caisse-de-rose-de-loire-2\\\/#primaryimage\"},\"thumbnailUrl\":\"https:\\\/\\\/lescanons.co\\\/wp-content\\\/uploads\\\/2020\\\/07\\\/rose.png\",\"datePublished\":\"2020-07-30T11:30:41+00:00\",\"dateModified\":\"2022-10-19T08:12:52+00:00\",\"description\":\"Discover the Cr\u00e9mant de Loire Brut from the Les Canons estate, a 100% Chenin produced using the traditional method. Harvesting by hand into perforated crates\u2026\",\"breadcrumb\":{\"@id\":\"https:\\\/\\\/lescanons.co\\\/en\\\/product\\\/caisse-de-rose-de-loire-2\\\/#breadcrumb\"},\"inLanguage\":\"en-US\",\"potentialAction\":[{\"@type\":\"ReadAction\",\"target\":[\"https:\\\/\\\/lescanons.co\\\/en\\\/product\\\/caisse-de-rose-de-loire-2\\\/\"]}]},{\"@type\":\"ImageObject\",\"inLanguage\":\"en-US\",\"@id\":\"https:\\\/\\\/lescanons.co\\\/en\\\/product\\\/caisse-de-rose-de-loire-2\\\/#primaryimage\",\"url\":\"https:\\\/\\\/lescanons.co\\\/wp-content\\\/uploads\\\/2020\\\/07\\\/rose.png\",\"contentUrl\":\"https:\\\/\\\/lescanons.co\\\/wp-content\\\/uploads\\\/2020\\\/07\\\/rose.png\",\"width\":600,\"height\":905},{\"@type\":\"BreadcrumbList\",\"@id\":\"https:\\\/\\\/lescanons.co\\\/en\\\/product\\\/caisse-de-rose-de-loire-2\\\/#breadcrumb\",\"itemListElement\":[{\"@type\":\"ListItem\",\"position\":1,\"name\":\"Accueil\",\"item\":\"https:\\\/\\\/lescanons.co\\\/en\\\/\"},{\"@type\":\"ListItem\",\"position\":2,\"name\":\"Store\",\"item\":\"https:\\\/\\\/lescanons.co\\\/en\\\/boutique-domaine-les-canons\\\/\"},{\"@type\":\"ListItem\",\"position\":3,\"name\":\"Canon Ros\u00e9\"}]},{\"@type\":\"WebSite\",\"@id\":\"https:\\\/\\\/lescanons.co\\\/#website\",\"url\":\"https:\\\/\\\/lescanons.co\\\/\",\"name\":\"Domaine Les Canons\",\"description\":\"Vignerons depuis 1674\",\"publisher\":{\"@id\":\"https:\\\/\\\/lescanons.co\\\/#organization\"},\"potentialAction\":[{\"@type\":\"SearchAction\",\"target\":{\"@type\":\"EntryPoint\",\"urlTemplate\":\"https:\\\/\\\/lescanons.co\\\/?s={search_term_string}\"},\"query-input\":{\"@type\":\"PropertyValueSpecification\",\"valueRequired\":true,\"valueName\":\"search_term_string\"}}],\"inLanguage\":\"en-US\"},{\"@type\":\"Organization\",\"@id\":\"https:\\\/\\\/lescanons.co\\\/#organization\",\"name\":\"Domaine Les Canons\",\"url\":\"https:\\\/\\\/lescanons.co\\\/\",\"logo\":{\"@type\":\"ImageObject\",\"inLanguage\":\"en-US\",\"@id\":\"https:\\\/\\\/lescanons.co\\\/#\\\/schema\\\/logo\\\/image\\\/\",\"url\":\"https:\\\/\\\/lescanons.co\\\/wp-content\\\/uploads\\\/2022\\\/04\\\/logocanons-blanc.png\",\"contentUrl\":\"https:\\\/\\\/lescanons.co\\\/wp-content\\\/uploads\\\/2022\\\/04\\\/logocanons-blanc.png\",\"width\":867,\"height\":590,\"caption\":\"Domaine Les Canons\"},\"image\":{\"@id\":\"https:\\\/\\\/lescanons.co\\\/#\\\/schema\\\/logo\\\/image\\\/\"},\"sameAs\":[\"https:\\\/\\\/www.facebook.com\\\/LesCanonsFrance\\\/\",\"https:\\\/\\\/www.tiktok.com\\\/@les.canons.vignerons?is_from_webapp=1&sender_device=pc\"]}]}<\/script>\n<!-- \/ Yoast SEO plugin. -->","yoast_head_json":{"title":"Canon Ros\u00e9 - Domaine Les Canons","description":"Discover the Cr\u00e9mant de Loire Brut from the Les Canons estate, a 100% Chenin produced using the traditional method. Harvesting by hand into perforated crates\u2026","robots":{"index":"index","follow":"follow","max-snippet":"max-snippet:-1","max-image-preview":"max-image-preview:large","max-video-preview":"max-video-preview:-1"},"canonical":"https:\/\/lescanons.co\/en\/product\/caisse-de-rose-de-loire-2\/","og_locale":"en_US","og_type":"article","og_title":"Canon Ros\u00e9 - Domaine Les Canons","og_description":"D\u00e9couvrez le Cr\u00e9mant de Loire brut du Domaine Les Canons, un 100% chenin vinifi\u00e9 en m\u00e9thode traditionnelle.","og_url":"https:\/\/lescanons.co\/en\/product\/caisse-de-rose-de-loire-2\/","og_site_name":"Domaine Les Canons","article_publisher":"https:\/\/www.facebook.com\/LesCanonsFrance\/","article_modified_time":"2022-10-19T08:12:52+00:00","og_image":[{"width":600,"height":905,"url":"https:\/\/lescanons.co\/wp-content\/uploads\/2020\/07\/rose.png","type":"image\/png"}],"twitter_card":"summary_large_image","twitter_description":"D\u00e9couvrez le Cr\u00e9mant de Loire brut du Domaine Les Canons, un 100% chenin vinifi\u00e9 en m\u00e9thode traditionnelle.","twitter_misc":{"Est. reading time":"1 minute"},"schema":{"@context":"https:\/\/schema.org","@graph":[{"@type":"WebPage","@id":"https:\/\/lescanons.co\/en\/product\/caisse-de-rose-de-loire-2\/","url":"https:\/\/lescanons.co\/en\/product\/caisse-de-rose-de-loire-2\/","name":"Canon Ros\u00e9 - Domaine Les Canons","isPartOf":{"@id":"https:\/\/lescanons.co\/#website"},"primaryImageOfPage":{"@id":"https:\/\/lescanons.co\/en\/product\/caisse-de-rose-de-loire-2\/#primaryimage"},"image":{"@id":"https:\/\/lescanons.co\/en\/product\/caisse-de-rose-de-loire-2\/#primaryimage"},"thumbnailUrl":"https:\/\/lescanons.co\/wp-content\/uploads\/2020\/07\/rose.png","datePublished":"2020-07-30T11:30:41+00:00","dateModified":"2022-10-19T08:12:52+00:00","description":"Discover the Cr\u00e9mant de Loire Brut from the Les Canons estate, a 100% Chenin produced using the traditional method. Harvesting by hand into perforated crates\u2026","breadcrumb":{"@id":"https:\/\/lescanons.co\/en\/product\/caisse-de-rose-de-loire-2\/#breadcrumb"},"inLanguage":"en-US","potentialAction":[{"@type":"ReadAction","target":["https:\/\/lescanons.co\/en\/product\/caisse-de-rose-de-loire-2\/"]}]},{"@type":"ImageObject","inLanguage":"en-US","@id":"https:\/\/lescanons.co\/en\/product\/caisse-de-rose-de-loire-2\/#primaryimage","url":"https:\/\/lescanons.co\/wp-content\/uploads\/2020\/07\/rose.png","contentUrl":"https:\/\/lescanons.co\/wp-content\/uploads\/2020\/07\/rose.png","width":600,"height":905},{"@type":"BreadcrumbList","@id":"https:\/\/lescanons.co\/en\/product\/caisse-de-rose-de-loire-2\/#breadcrumb","itemListElement":[{"@type":"ListItem","position":1,"name":"Accueil","item":"https:\/\/lescanons.co\/en\/"},{"@type":"ListItem","position":2,"name":"Store","item":"https:\/\/lescanons.co\/en\/boutique-domaine-les-canons\/"},{"@type":"ListItem","position":3,"name":"Canon Ros\u00e9"}]},{"@type":"WebSite","@id":"https:\/\/lescanons.co\/#website","url":"https:\/\/lescanons.co\/","name":"Domaine Les Canons","description":"Vignerons depuis 1674","publisher":{"@id":"https:\/\/lescanons.co\/#organization"},"potentialAction":[{"@type":"SearchAction","target":{"@type":"EntryPoint","urlTemplate":"https:\/\/lescanons.co\/?s={search_term_string}"},"query-input":{"@type":"PropertyValueSpecification","valueRequired":true,"valueName":"search_term_string"}}],"inLanguage":"en-US"},{"@type":"Organization","@id":"https:\/\/lescanons.co\/#organization","name":"Domaine Les Canons","url":"https:\/\/lescanons.co\/","logo":{"@type":"ImageObject","inLanguage":"en-US","@id":"https:\/\/lescanons.co\/#\/schema\/logo\/image\/","url":"https:\/\/lescanons.co\/wp-content\/uploads\/2022\/04\/logocanons-blanc.png","contentUrl":"https:\/\/lescanons.co\/wp-content\/uploads\/2022\/04\/logocanons-blanc.png","width":867,"height":590,"caption":"Domaine Les Canons"},"image":{"@id":"https:\/\/lescanons.co\/#\/schema\/logo\/image\/"},"sameAs":["https:\/\/www.facebook.com\/LesCanonsFrance\/","https:\/\/www.tiktok.com\/@les.canons.vignerons?is_from_webapp=1&sender_device=pc"]}]}},"_links":{"self":[{"href":"https:\/\/lescanons.co\/en\/wp-json\/wp\/v2\/product\/5050","targetHints":{"allow":["GET"]}}],"collection":[{"href":"https:\/\/lescanons.co\/en\/wp-json\/wp\/v2\/product"}],"about":[{"href":"https:\/\/lescanons.co\/en\/wp-json\/wp\/v2\/types\/product"}],"version-history":[{"count":0,"href":"https:\/\/lescanons.co\/en\/wp-json\/wp\/v2\/product\/5050\/revisions"}],"wp:featuredmedia":[{"embeddable":true,"href":"https:\/\/lescanons.co\/en\/wp-json\/wp\/v2\/media\/4540"}],"wp:attachment":[{"href":"https:\/\/lescanons.co\/en\/wp-json\/wp\/v2\/media?parent=5050"}],"wp:term":[{"taxonomy":"product_brand","embeddable":true,"href":"https:\/\/lescanons.co\/en\/wp-json\/wp\/v2\/product_brand?post=5050"},{"taxonomy":"product_cat","embeddable":true,"href":"https:\/\/lescanons.co\/en\/wp-json\/wp\/v2\/product_cat?post=5050"},{"taxonomy":"product_tag","embeddable":true,"href":"https:\/\/lescanons.co\/en\/wp-json\/wp\/v2\/product_tag?post=5050"}],"curies":[{"name":"wp","href":"https:\/\/api.w.org\/{rel}","templated":true}]}}