{"id":7112,"date":"2024-04-03T12:21:52","date_gmt":"2024-04-03T10:21:52","guid":{"rendered":"https:\/\/lescanons.co\/?post_type=product&#038;p=7112"},"modified":"2025-02-10T12:21:36","modified_gmt":"2025-02-10T11:21:36","slug":"les-fermiers","status":"publish","type":"product","link":"https:\/\/lescanons.co\/en\/product\/les-fermiers\/","title":{"rendered":"Les Fermiers"},"content":{"rendered":"<p>Caisse de 6 bouteilles de 75 cl.<\/p>\n<p><strong>C\u00e9page : <\/strong>Chenin.<\/p>\n<p><strong>Terroir :<\/strong> Schistes blancs, limons et argiles.<\/p>\n<p><strong>Vinification : <\/strong>Les raisins sont r\u00e9colt\u00e9s \u00e0 la main, avec des rendements allant de 10 \u00e0 25 hl\/ha. Apr\u00e8s un pressurage l\u00e9ger, le mo\u00fbt est d\u00e9bourb\u00e9 \u00e0 froid avant de d\u00e9marrer spontan\u00e9ment sa fermentation gr\u00e2ce aux levures indig\u00e8nes.<\/p>\n<p><strong>Profil du vin :<\/strong> Le Chenin des Fermiers se caract\u00e9rise par une belle fra\u00eecheur et un fruit vif. En bouche, il offre une jolie rondeur et une amplitude g\u00e9n\u00e9reuse, r\u00e9v\u00e9lant ainsi tout le potentiel de c\u00e9page le plus embl\u00e9matique de la Loire. Son caract\u00e8re vivifiant et son \u00e9quilibre en font un vin id\u00e9al pour partager de bons moments, il s\u2019accordera avec une large vari\u00e9t\u00e9 de plats par sa fra\u00eecheur et son \u00e9quilibre. Sa typicit\u00e9 et son expression pure de nos terroirs offre une exp\u00e9rience gustative remarquable.<\/p>\n","protected":false},"excerpt":{"rendered":"<p>Caisse de 6 bouteilles de 75 cl. C\u00e9page : Chenin. Terroir : Schistes blancs, limons et argiles. Vinification : Les raisins sont r\u00e9colt\u00e9s \u00e0 la main, avec des rendements allant de 10 \u00e0 25 hl\/ha. Apr\u00e8s un pressurage l\u00e9ger, le mo\u00fbt est d\u00e9bourb\u00e9 \u00e0 froid avant de d\u00e9marrer spontan\u00e9ment sa fermentation gr\u00e2ce aux levures indig\u00e8nes. [&hellip;]<\/p>\n","protected":false},"featured_media":7113,"template":"","meta":[],"product_brand":[],"product_cat":[19,29,34],"product_tag":[],"class_list":{"0":"post-7112","1":"product","2":"type-product","3":"status-publish","4":"has-post-thumbnail","6":"product_cat-vins","7":"product_cat-caisse","8":"product_cat-les-ephemeres","10":"first","11":"outofstock","12":"taxable","13":"shipping-taxable","14":"purchasable","15":"product-type-simple"},"yoast_head":"<!-- This site is optimized with the Yoast SEO plugin v27.4 - https:\/\/yoast.com\/product\/yoast-seo-wordpress\/ -->\n<title>Les Fermiers - Domaine Les Canons<\/title>\n<meta name=\"description\" content=\"D\u00e9couvrez le Cr\u00e9mant de Loire brut du Domaine Les Canons, un 100% chenin vinifi\u00e9 en m\u00e9thode traditionnelle. Vendanges manuelles en palox perfor\u00e9s...\" \/>\n<meta name=\"robots\" content=\"index, follow, max-snippet:-1, max-image-preview:large, max-video-preview:-1\" \/>\n<link rel=\"canonical\" href=\"https:\/\/lescanons.co\/produit\/les-fermiers\/\" \/>\n<meta property=\"og:locale\" content=\"en_US\" \/>\n<meta property=\"og:type\" content=\"article\" \/>\n<meta property=\"og:title\" content=\"Les Fermiers - Domaine Les Canons\" \/>\n<meta property=\"og:description\" content=\"D\u00e9couvrez le Cr\u00e9mant de Loire brut du Domaine Les Canons, un 100% chenin vinifi\u00e9 en m\u00e9thode traditionnelle.\" \/>\n<meta property=\"og:url\" content=\"https:\/\/lescanons.co\/produit\/les-fermiers\/\" \/>\n<meta property=\"og:site_name\" content=\"Domaine Les Canons\" \/>\n<meta property=\"article:publisher\" content=\"https:\/\/www.facebook.com\/LesCanonsFrance\/\" \/>\n<meta property=\"article:modified_time\" content=\"2025-02-10T11:21:36+00:00\" \/>\n<meta property=\"og:image\" content=\"https:\/\/lescanons.co\/wp-content\/uploads\/2019\/12\/canons-cremant-002.jpg\" \/>\n\t<meta property=\"og:image:width\" content=\"1280\" \/>\n\t<meta property=\"og:image:height\" content=\"720\" \/>\n\t<meta property=\"og:image:type\" content=\"image\/jpeg\" \/>\n<meta name=\"twitter:card\" content=\"summary_large_image\" \/>\n<meta name=\"twitter:description\" content=\"D\u00e9couvrez le Cr\u00e9mant de Loire brut du Domaine Les Canons, un 100% chenin vinifi\u00e9 en m\u00e9thode traditionnelle.\" \/>\n<meta name=\"twitter:image\" content=\"https:\/\/lescanons.co\/wp-content\/uploads\/2019\/12\/canons-cremant-002.jpg\" \/>\n<meta name=\"twitter:label1\" content=\"Est. reading time\" \/>\n\t<meta name=\"twitter:data1\" content=\"1 minute\" \/>\n<script type=\"application\/ld+json\" class=\"yoast-schema-graph\">{\"@context\":\"https:\\\/\\\/schema.org\",\"@graph\":[{\"@type\":\"WebPage\",\"@id\":\"https:\\\/\\\/lescanons.co\\\/produit\\\/les-fermiers\\\/\",\"url\":\"https:\\\/\\\/lescanons.co\\\/produit\\\/les-fermiers\\\/\",\"name\":\"Les Fermiers - Domaine Les Canons\",\"isPartOf\":{\"@id\":\"https:\\\/\\\/lescanons.co\\\/#website\"},\"primaryImageOfPage\":{\"@id\":\"https:\\\/\\\/lescanons.co\\\/produit\\\/les-fermiers\\\/#primaryimage\"},\"image\":{\"@id\":\"https:\\\/\\\/lescanons.co\\\/produit\\\/les-fermiers\\\/#primaryimage\"},\"thumbnailUrl\":\"https:\\\/\\\/lescanons.co\\\/wp-content\\\/uploads\\\/2024\\\/04\\\/LES-FERMIERS-BLANC-2024.png\",\"datePublished\":\"2024-04-03T10:21:52+00:00\",\"dateModified\":\"2025-02-10T11:21:36+00:00\",\"description\":\"D\u00e9couvrez le Cr\u00e9mant de Loire brut du Domaine Les Canons, un 100% chenin vinifi\u00e9 en m\u00e9thode traditionnelle. Vendanges manuelles en palox perfor\u00e9s...\",\"breadcrumb\":{\"@id\":\"https:\\\/\\\/lescanons.co\\\/produit\\\/les-fermiers\\\/#breadcrumb\"},\"inLanguage\":\"en-US\",\"potentialAction\":[{\"@type\":\"ReadAction\",\"target\":[\"https:\\\/\\\/lescanons.co\\\/produit\\\/les-fermiers\\\/\"]}]},{\"@type\":\"ImageObject\",\"inLanguage\":\"en-US\",\"@id\":\"https:\\\/\\\/lescanons.co\\\/produit\\\/les-fermiers\\\/#primaryimage\",\"url\":\"https:\\\/\\\/lescanons.co\\\/wp-content\\\/uploads\\\/2024\\\/04\\\/LES-FERMIERS-BLANC-2024.png\",\"contentUrl\":\"https:\\\/\\\/lescanons.co\\\/wp-content\\\/uploads\\\/2024\\\/04\\\/LES-FERMIERS-BLANC-2024.png\",\"width\":905,\"height\":905,\"caption\":\"Bouteille de vin blanc de l'Anjou avec \u00e9tiquette verte d'un plan de vigne\"},{\"@type\":\"BreadcrumbList\",\"@id\":\"https:\\\/\\\/lescanons.co\\\/produit\\\/les-fermiers\\\/#breadcrumb\",\"itemListElement\":[{\"@type\":\"ListItem\",\"position\":1,\"name\":\"Accueil\",\"item\":\"https:\\\/\\\/lescanons.co\\\/en\\\/\"},{\"@type\":\"ListItem\",\"position\":2,\"name\":\"Store\",\"item\":\"https:\\\/\\\/lescanons.co\\\/en\\\/boutique-domaine-les-canons\\\/\"},{\"@type\":\"ListItem\",\"position\":3,\"name\":\"Les Fermiers\"}]},{\"@type\":\"WebSite\",\"@id\":\"https:\\\/\\\/lescanons.co\\\/#website\",\"url\":\"https:\\\/\\\/lescanons.co\\\/\",\"name\":\"Domaine Les Canons\",\"description\":\"Vignerons depuis 1674\",\"publisher\":{\"@id\":\"https:\\\/\\\/lescanons.co\\\/#organization\"},\"potentialAction\":[{\"@type\":\"SearchAction\",\"target\":{\"@type\":\"EntryPoint\",\"urlTemplate\":\"https:\\\/\\\/lescanons.co\\\/?s={search_term_string}\"},\"query-input\":{\"@type\":\"PropertyValueSpecification\",\"valueRequired\":true,\"valueName\":\"search_term_string\"}}],\"inLanguage\":\"en-US\"},{\"@type\":\"Organization\",\"@id\":\"https:\\\/\\\/lescanons.co\\\/#organization\",\"name\":\"Domaine Les Canons\",\"url\":\"https:\\\/\\\/lescanons.co\\\/\",\"logo\":{\"@type\":\"ImageObject\",\"inLanguage\":\"en-US\",\"@id\":\"https:\\\/\\\/lescanons.co\\\/#\\\/schema\\\/logo\\\/image\\\/\",\"url\":\"https:\\\/\\\/lescanons.co\\\/wp-content\\\/uploads\\\/2022\\\/04\\\/logocanons-blanc.png\",\"contentUrl\":\"https:\\\/\\\/lescanons.co\\\/wp-content\\\/uploads\\\/2022\\\/04\\\/logocanons-blanc.png\",\"width\":867,\"height\":590,\"caption\":\"Domaine Les Canons\"},\"image\":{\"@id\":\"https:\\\/\\\/lescanons.co\\\/#\\\/schema\\\/logo\\\/image\\\/\"},\"sameAs\":[\"https:\\\/\\\/www.facebook.com\\\/LesCanonsFrance\\\/\",\"https:\\\/\\\/www.tiktok.com\\\/@les.canons.vignerons?is_from_webapp=1&sender_device=pc\"]}]}<\/script>\n<!-- \/ Yoast SEO plugin. -->","yoast_head_json":{"title":"Les Fermiers - Domaine Les Canons","description":"D\u00e9couvrez le Cr\u00e9mant de Loire brut du Domaine Les Canons, un 100% chenin vinifi\u00e9 en m\u00e9thode traditionnelle. Vendanges manuelles en palox perfor\u00e9s...","robots":{"index":"index","follow":"follow","max-snippet":"max-snippet:-1","max-image-preview":"max-image-preview:large","max-video-preview":"max-video-preview:-1"},"canonical":"https:\/\/lescanons.co\/produit\/les-fermiers\/","og_locale":"en_US","og_type":"article","og_title":"Les Fermiers - Domaine Les Canons","og_description":"D\u00e9couvrez le Cr\u00e9mant de Loire brut du Domaine Les Canons, un 100% chenin vinifi\u00e9 en m\u00e9thode traditionnelle.","og_url":"https:\/\/lescanons.co\/produit\/les-fermiers\/","og_site_name":"Domaine Les Canons","article_publisher":"https:\/\/www.facebook.com\/LesCanonsFrance\/","article_modified_time":"2025-02-10T11:21:36+00:00","og_image":[{"width":1280,"height":720,"url":"https:\/\/lescanons.co\/wp-content\/uploads\/2019\/12\/canons-cremant-002.jpg","type":"image\/jpeg"}],"twitter_card":"summary_large_image","twitter_description":"D\u00e9couvrez le Cr\u00e9mant de Loire brut du Domaine Les Canons, un 100% chenin vinifi\u00e9 en m\u00e9thode traditionnelle.","twitter_image":"https:\/\/lescanons.co\/wp-content\/uploads\/2019\/12\/canons-cremant-002.jpg","twitter_misc":{"Est. reading time":"1 minute"},"schema":{"@context":"https:\/\/schema.org","@graph":[{"@type":"WebPage","@id":"https:\/\/lescanons.co\/produit\/les-fermiers\/","url":"https:\/\/lescanons.co\/produit\/les-fermiers\/","name":"Les Fermiers - Domaine Les Canons","isPartOf":{"@id":"https:\/\/lescanons.co\/#website"},"primaryImageOfPage":{"@id":"https:\/\/lescanons.co\/produit\/les-fermiers\/#primaryimage"},"image":{"@id":"https:\/\/lescanons.co\/produit\/les-fermiers\/#primaryimage"},"thumbnailUrl":"https:\/\/lescanons.co\/wp-content\/uploads\/2024\/04\/LES-FERMIERS-BLANC-2024.png","datePublished":"2024-04-03T10:21:52+00:00","dateModified":"2025-02-10T11:21:36+00:00","description":"D\u00e9couvrez le Cr\u00e9mant de Loire brut du Domaine Les Canons, un 100% chenin vinifi\u00e9 en m\u00e9thode traditionnelle. Vendanges manuelles en palox perfor\u00e9s...","breadcrumb":{"@id":"https:\/\/lescanons.co\/produit\/les-fermiers\/#breadcrumb"},"inLanguage":"en-US","potentialAction":[{"@type":"ReadAction","target":["https:\/\/lescanons.co\/produit\/les-fermiers\/"]}]},{"@type":"ImageObject","inLanguage":"en-US","@id":"https:\/\/lescanons.co\/produit\/les-fermiers\/#primaryimage","url":"https:\/\/lescanons.co\/wp-content\/uploads\/2024\/04\/LES-FERMIERS-BLANC-2024.png","contentUrl":"https:\/\/lescanons.co\/wp-content\/uploads\/2024\/04\/LES-FERMIERS-BLANC-2024.png","width":905,"height":905,"caption":"Bouteille de vin blanc de l'Anjou avec \u00e9tiquette verte d'un plan de vigne"},{"@type":"BreadcrumbList","@id":"https:\/\/lescanons.co\/produit\/les-fermiers\/#breadcrumb","itemListElement":[{"@type":"ListItem","position":1,"name":"Accueil","item":"https:\/\/lescanons.co\/en\/"},{"@type":"ListItem","position":2,"name":"Store","item":"https:\/\/lescanons.co\/en\/boutique-domaine-les-canons\/"},{"@type":"ListItem","position":3,"name":"Les Fermiers"}]},{"@type":"WebSite","@id":"https:\/\/lescanons.co\/#website","url":"https:\/\/lescanons.co\/","name":"Domaine Les Canons","description":"Vignerons depuis 1674","publisher":{"@id":"https:\/\/lescanons.co\/#organization"},"potentialAction":[{"@type":"SearchAction","target":{"@type":"EntryPoint","urlTemplate":"https:\/\/lescanons.co\/?s={search_term_string}"},"query-input":{"@type":"PropertyValueSpecification","valueRequired":true,"valueName":"search_term_string"}}],"inLanguage":"en-US"},{"@type":"Organization","@id":"https:\/\/lescanons.co\/#organization","name":"Domaine Les Canons","url":"https:\/\/lescanons.co\/","logo":{"@type":"ImageObject","inLanguage":"en-US","@id":"https:\/\/lescanons.co\/#\/schema\/logo\/image\/","url":"https:\/\/lescanons.co\/wp-content\/uploads\/2022\/04\/logocanons-blanc.png","contentUrl":"https:\/\/lescanons.co\/wp-content\/uploads\/2022\/04\/logocanons-blanc.png","width":867,"height":590,"caption":"Domaine Les Canons"},"image":{"@id":"https:\/\/lescanons.co\/#\/schema\/logo\/image\/"},"sameAs":["https:\/\/www.facebook.com\/LesCanonsFrance\/","https:\/\/www.tiktok.com\/@les.canons.vignerons?is_from_webapp=1&sender_device=pc"]}]}},"_links":{"self":[{"href":"https:\/\/lescanons.co\/en\/wp-json\/wp\/v2\/product\/7112","targetHints":{"allow":["GET"]}}],"collection":[{"href":"https:\/\/lescanons.co\/en\/wp-json\/wp\/v2\/product"}],"about":[{"href":"https:\/\/lescanons.co\/en\/wp-json\/wp\/v2\/types\/product"}],"version-history":[{"count":1,"href":"https:\/\/lescanons.co\/en\/wp-json\/wp\/v2\/product\/7112\/revisions"}],"predecessor-version":[{"id":7115,"href":"https:\/\/lescanons.co\/en\/wp-json\/wp\/v2\/product\/7112\/revisions\/7115"}],"wp:featuredmedia":[{"embeddable":true,"href":"https:\/\/lescanons.co\/en\/wp-json\/wp\/v2\/media\/7113"}],"wp:attachment":[{"href":"https:\/\/lescanons.co\/en\/wp-json\/wp\/v2\/media?parent=7112"}],"wp:term":[{"taxonomy":"product_brand","embeddable":true,"href":"https:\/\/lescanons.co\/en\/wp-json\/wp\/v2\/product_brand?post=7112"},{"taxonomy":"product_cat","embeddable":true,"href":"https:\/\/lescanons.co\/en\/wp-json\/wp\/v2\/product_cat?post=7112"},{"taxonomy":"product_tag","embeddable":true,"href":"https:\/\/lescanons.co\/en\/wp-json\/wp\/v2\/product_tag?post=7112"}],"curies":[{"name":"wp","href":"https:\/\/api.w.org\/{rel}","templated":true}]}}