{"id":7187,"date":"2024-06-05T11:03:42","date_gmt":"2024-06-05T09:03:42","guid":{"rendered":"https:\/\/lescanons.co\/?post_type=product&#038;p=7187"},"modified":"2024-12-21T00:04:55","modified_gmt":"2024-12-20T23:04:55","slug":"clos-de-belligne","status":"publish","type":"product","link":"https:\/\/lescanons.co\/en\/product\/clos-de-belligne\/","title":{"rendered":"Clos de Bellign\u00e9"},"content":{"rendered":"<div>Vente par carton de 3 bouteilles de 75 cl.<\/div>\n<p>&nbsp;<\/p>\n<div><b>C\u00e9page :<\/b>Chenin<\/div>\n<p><b>Mill\u00e9sime :<\/b> 2020<\/p>\n<p><b>Terroir : <\/b>Phtanites alt\u00e9r\u00e9es, schistes bruns, violets, bleus sur coteaux et terrasses.<\/p>\n<p><b>\u00c2ge des vignes :<\/b> 60 ans<\/p>\n<p><b>Vinification :<\/b>Vendange manuelle en famille et tri tr\u00e8s serr\u00e9 \u00e0 la parcelle au lever du jour, pressurage lent \u00e0 basse pression, inertage des mo\u00fbts \u00e0 l\u2019azote et baisse rapide de la temp\u00e9rature pour pr\u00e9server le fruit et les ar\u00f4mes du chenin les plus frais. Entonnage en barriques et remont\u00e9e naturelle de la temp\u00e9rature, d\u00e9part en fermentation spontan\u00e9e en levures indig\u00e8nes sur plus de 2 ans. Elevage de 26 mois. 100g\/l de sucres r\u00e9siduels.<\/p>\n<p><b>Profil du vin : <\/b>La robe est lumineuse, teint\u00e9e d\u2019un or profond \u00e9voquant la surmaturit\u00e9 du chenin. Le nez pr\u00e9sente une grande complexit\u00e9 aromatique typique du c\u00e9page avec des ar\u00f4mes de coings confits, d\u2019abricots secs, une pointe florale de tilleul, et des notes de pierres chaudes typique des schistes pourpres et des phtanites. La bouche est tr\u00e8s ample avec une riche suavit\u00e9, complexifi\u00e9e par des ar\u00f4mes de fruits confits et une jolie \u00e9volution. Une belle fra\u00eecheur et une pointe d\u2019acidit\u00e9 rende le vin tr\u00e8s digeste m\u00eame avec sa grande concentration en sucre.<\/p>\n","protected":false},"excerpt":{"rendered":"<p>Vente par carton de 3 bouteilles de 75 cl. &nbsp; C\u00e9page :Chenin Mill\u00e9sime : 2020 Terroir : Phtanites alt\u00e9r\u00e9es, schistes bruns, violets, bleus sur coteaux et terrasses. \u00c2ge des vignes : 60 ans Vinification :Vendange manuelle en famille et tri tr\u00e8s serr\u00e9 \u00e0 la parcelle au lever du jour, pressurage lent \u00e0 basse pression, inertage [&hellip;]<\/p>\n","protected":false},"featured_media":7203,"template":"","meta":[],"product_brand":[],"product_cat":[19,34],"product_tag":[],"class_list":{"0":"post-7187","1":"product","2":"type-product","3":"status-publish","4":"has-post-thumbnail","6":"product_cat-vins","7":"product_cat-les-ephemeres","9":"first","10":"instock","11":"taxable","12":"shipping-taxable","13":"purchasable","14":"product-type-simple"},"yoast_head":"<!-- This site is optimized with the Yoast SEO plugin v27.4 - https:\/\/yoast.com\/product\/yoast-seo-wordpress\/ -->\n<title>Clos de Bellign\u00e9 - Domaine Les Canons<\/title>\n<meta name=\"robots\" content=\"index, follow, max-snippet:-1, max-image-preview:large, max-video-preview:-1\" \/>\n<link rel=\"canonical\" href=\"https:\/\/lescanons.co\/produit\/clos-de-belligne\/\" \/>\n<meta property=\"og:locale\" content=\"en_US\" \/>\n<meta property=\"og:type\" content=\"article\" \/>\n<meta property=\"og:title\" content=\"Clos de Bellign\u00e9 - Domaine Les Canons\" \/>\n<meta property=\"og:description\" content=\"Vente par carton de 3 bouteilles de 75 cl. &nbsp; C\u00e9page :Chenin Mill\u00e9sime : 2020 Terroir : Phtanites alt\u00e9r\u00e9es, schistes bruns, violets, bleus sur coteaux et terrasses. \u00c2ge des vignes : 60 ans Vinification :Vendange manuelle en famille et tri tr\u00e8s serr\u00e9 \u00e0 la parcelle au lever du jour, pressurage lent \u00e0 basse pression, inertage [&hellip;]\" \/>\n<meta property=\"og:url\" content=\"https:\/\/lescanons.co\/produit\/clos-de-belligne\/\" \/>\n<meta property=\"og:site_name\" content=\"Domaine Les Canons\" \/>\n<meta property=\"article:publisher\" content=\"https:\/\/www.facebook.com\/LesCanonsFrance\/\" \/>\n<meta property=\"article:modified_time\" content=\"2024-12-20T23:04:55+00:00\" \/>\n<meta property=\"og:image\" content=\"https:\/\/lescanons.co\/wp-content\/uploads\/2024\/06\/BONNEZEAUX_CLOS-DE-BELLIGNE-2024.png\" \/>\n\t<meta property=\"og:image:width\" content=\"905\" \/>\n\t<meta property=\"og:image:height\" content=\"905\" \/>\n\t<meta property=\"og:image:type\" content=\"image\/png\" \/>\n<meta name=\"twitter:card\" content=\"summary_large_image\" \/>\n<meta name=\"twitter:label1\" content=\"Est. reading time\" \/>\n\t<meta name=\"twitter:data1\" content=\"2 minutes\" \/>\n<script type=\"application\/ld+json\" class=\"yoast-schema-graph\">{\"@context\":\"https:\\\/\\\/schema.org\",\"@graph\":[{\"@type\":\"WebPage\",\"@id\":\"https:\\\/\\\/lescanons.co\\\/produit\\\/clos-de-belligne\\\/\",\"url\":\"https:\\\/\\\/lescanons.co\\\/produit\\\/clos-de-belligne\\\/\",\"name\":\"Clos de Bellign\u00e9 - Domaine Les Canons\",\"isPartOf\":{\"@id\":\"https:\\\/\\\/lescanons.co\\\/#website\"},\"primaryImageOfPage\":{\"@id\":\"https:\\\/\\\/lescanons.co\\\/produit\\\/clos-de-belligne\\\/#primaryimage\"},\"image\":{\"@id\":\"https:\\\/\\\/lescanons.co\\\/produit\\\/clos-de-belligne\\\/#primaryimage\"},\"thumbnailUrl\":\"https:\\\/\\\/lescanons.co\\\/wp-content\\\/uploads\\\/2024\\\/06\\\/BONNEZEAUX_CLOS-DE-BELLIGNE-2024.png\",\"datePublished\":\"2024-06-05T09:03:42+00:00\",\"dateModified\":\"2024-12-20T23:04:55+00:00\",\"breadcrumb\":{\"@id\":\"https:\\\/\\\/lescanons.co\\\/produit\\\/clos-de-belligne\\\/#breadcrumb\"},\"inLanguage\":\"en-US\",\"potentialAction\":[{\"@type\":\"ReadAction\",\"target\":[\"https:\\\/\\\/lescanons.co\\\/produit\\\/clos-de-belligne\\\/\"]}]},{\"@type\":\"ImageObject\",\"inLanguage\":\"en-US\",\"@id\":\"https:\\\/\\\/lescanons.co\\\/produit\\\/clos-de-belligne\\\/#primaryimage\",\"url\":\"https:\\\/\\\/lescanons.co\\\/wp-content\\\/uploads\\\/2024\\\/06\\\/BONNEZEAUX_CLOS-DE-BELLIGNE-2024.png\",\"contentUrl\":\"https:\\\/\\\/lescanons.co\\\/wp-content\\\/uploads\\\/2024\\\/06\\\/BONNEZEAUX_CLOS-DE-BELLIGNE-2024.png\",\"width\":905,\"height\":905,\"caption\":\"Bouteille de vin du clos de Bellign\u00e9 par Les Canons\"},{\"@type\":\"BreadcrumbList\",\"@id\":\"https:\\\/\\\/lescanons.co\\\/produit\\\/clos-de-belligne\\\/#breadcrumb\",\"itemListElement\":[{\"@type\":\"ListItem\",\"position\":1,\"name\":\"Accueil\",\"item\":\"https:\\\/\\\/lescanons.co\\\/en\\\/\"},{\"@type\":\"ListItem\",\"position\":2,\"name\":\"Store\",\"item\":\"https:\\\/\\\/lescanons.co\\\/en\\\/boutique-domaine-les-canons\\\/\"},{\"@type\":\"ListItem\",\"position\":3,\"name\":\"Clos de Bellign\u00e9\"}]},{\"@type\":\"WebSite\",\"@id\":\"https:\\\/\\\/lescanons.co\\\/#website\",\"url\":\"https:\\\/\\\/lescanons.co\\\/\",\"name\":\"Domaine Les Canons\",\"description\":\"Vignerons depuis 1674\",\"publisher\":{\"@id\":\"https:\\\/\\\/lescanons.co\\\/#organization\"},\"potentialAction\":[{\"@type\":\"SearchAction\",\"target\":{\"@type\":\"EntryPoint\",\"urlTemplate\":\"https:\\\/\\\/lescanons.co\\\/?s={search_term_string}\"},\"query-input\":{\"@type\":\"PropertyValueSpecification\",\"valueRequired\":true,\"valueName\":\"search_term_string\"}}],\"inLanguage\":\"en-US\"},{\"@type\":\"Organization\",\"@id\":\"https:\\\/\\\/lescanons.co\\\/#organization\",\"name\":\"Domaine Les Canons\",\"url\":\"https:\\\/\\\/lescanons.co\\\/\",\"logo\":{\"@type\":\"ImageObject\",\"inLanguage\":\"en-US\",\"@id\":\"https:\\\/\\\/lescanons.co\\\/#\\\/schema\\\/logo\\\/image\\\/\",\"url\":\"https:\\\/\\\/lescanons.co\\\/wp-content\\\/uploads\\\/2022\\\/04\\\/logocanons-blanc.png\",\"contentUrl\":\"https:\\\/\\\/lescanons.co\\\/wp-content\\\/uploads\\\/2022\\\/04\\\/logocanons-blanc.png\",\"width\":867,\"height\":590,\"caption\":\"Domaine Les Canons\"},\"image\":{\"@id\":\"https:\\\/\\\/lescanons.co\\\/#\\\/schema\\\/logo\\\/image\\\/\"},\"sameAs\":[\"https:\\\/\\\/www.facebook.com\\\/LesCanonsFrance\\\/\",\"https:\\\/\\\/www.tiktok.com\\\/@les.canons.vignerons?is_from_webapp=1&sender_device=pc\"]}]}<\/script>\n<!-- \/ Yoast SEO plugin. -->","yoast_head_json":{"title":"Clos de Bellign\u00e9 - Domaine Les Canons","robots":{"index":"index","follow":"follow","max-snippet":"max-snippet:-1","max-image-preview":"max-image-preview:large","max-video-preview":"max-video-preview:-1"},"canonical":"https:\/\/lescanons.co\/produit\/clos-de-belligne\/","og_locale":"en_US","og_type":"article","og_title":"Clos de Bellign\u00e9 - Domaine Les Canons","og_description":"Vente par carton de 3 bouteilles de 75 cl. &nbsp; C\u00e9page :Chenin Mill\u00e9sime : 2020 Terroir : Phtanites alt\u00e9r\u00e9es, schistes bruns, violets, bleus sur coteaux et terrasses. \u00c2ge des vignes : 60 ans Vinification :Vendange manuelle en famille et tri tr\u00e8s serr\u00e9 \u00e0 la parcelle au lever du jour, pressurage lent \u00e0 basse pression, inertage [&hellip;]","og_url":"https:\/\/lescanons.co\/produit\/clos-de-belligne\/","og_site_name":"Domaine Les Canons","article_publisher":"https:\/\/www.facebook.com\/LesCanonsFrance\/","article_modified_time":"2024-12-20T23:04:55+00:00","og_image":[{"width":905,"height":905,"url":"https:\/\/lescanons.co\/wp-content\/uploads\/2024\/06\/BONNEZEAUX_CLOS-DE-BELLIGNE-2024.png","type":"image\/png"}],"twitter_card":"summary_large_image","twitter_misc":{"Est. reading time":"2 minutes"},"schema":{"@context":"https:\/\/schema.org","@graph":[{"@type":"WebPage","@id":"https:\/\/lescanons.co\/produit\/clos-de-belligne\/","url":"https:\/\/lescanons.co\/produit\/clos-de-belligne\/","name":"Clos de Bellign\u00e9 - Domaine Les Canons","isPartOf":{"@id":"https:\/\/lescanons.co\/#website"},"primaryImageOfPage":{"@id":"https:\/\/lescanons.co\/produit\/clos-de-belligne\/#primaryimage"},"image":{"@id":"https:\/\/lescanons.co\/produit\/clos-de-belligne\/#primaryimage"},"thumbnailUrl":"https:\/\/lescanons.co\/wp-content\/uploads\/2024\/06\/BONNEZEAUX_CLOS-DE-BELLIGNE-2024.png","datePublished":"2024-06-05T09:03:42+00:00","dateModified":"2024-12-20T23:04:55+00:00","breadcrumb":{"@id":"https:\/\/lescanons.co\/produit\/clos-de-belligne\/#breadcrumb"},"inLanguage":"en-US","potentialAction":[{"@type":"ReadAction","target":["https:\/\/lescanons.co\/produit\/clos-de-belligne\/"]}]},{"@type":"ImageObject","inLanguage":"en-US","@id":"https:\/\/lescanons.co\/produit\/clos-de-belligne\/#primaryimage","url":"https:\/\/lescanons.co\/wp-content\/uploads\/2024\/06\/BONNEZEAUX_CLOS-DE-BELLIGNE-2024.png","contentUrl":"https:\/\/lescanons.co\/wp-content\/uploads\/2024\/06\/BONNEZEAUX_CLOS-DE-BELLIGNE-2024.png","width":905,"height":905,"caption":"Bouteille de vin du clos de Bellign\u00e9 par Les Canons"},{"@type":"BreadcrumbList","@id":"https:\/\/lescanons.co\/produit\/clos-de-belligne\/#breadcrumb","itemListElement":[{"@type":"ListItem","position":1,"name":"Accueil","item":"https:\/\/lescanons.co\/en\/"},{"@type":"ListItem","position":2,"name":"Store","item":"https:\/\/lescanons.co\/en\/boutique-domaine-les-canons\/"},{"@type":"ListItem","position":3,"name":"Clos de Bellign\u00e9"}]},{"@type":"WebSite","@id":"https:\/\/lescanons.co\/#website","url":"https:\/\/lescanons.co\/","name":"Domaine Les Canons","description":"Vignerons depuis 1674","publisher":{"@id":"https:\/\/lescanons.co\/#organization"},"potentialAction":[{"@type":"SearchAction","target":{"@type":"EntryPoint","urlTemplate":"https:\/\/lescanons.co\/?s={search_term_string}"},"query-input":{"@type":"PropertyValueSpecification","valueRequired":true,"valueName":"search_term_string"}}],"inLanguage":"en-US"},{"@type":"Organization","@id":"https:\/\/lescanons.co\/#organization","name":"Domaine Les Canons","url":"https:\/\/lescanons.co\/","logo":{"@type":"ImageObject","inLanguage":"en-US","@id":"https:\/\/lescanons.co\/#\/schema\/logo\/image\/","url":"https:\/\/lescanons.co\/wp-content\/uploads\/2022\/04\/logocanons-blanc.png","contentUrl":"https:\/\/lescanons.co\/wp-content\/uploads\/2022\/04\/logocanons-blanc.png","width":867,"height":590,"caption":"Domaine Les Canons"},"image":{"@id":"https:\/\/lescanons.co\/#\/schema\/logo\/image\/"},"sameAs":["https:\/\/www.facebook.com\/LesCanonsFrance\/","https:\/\/www.tiktok.com\/@les.canons.vignerons?is_from_webapp=1&sender_device=pc"]}]}},"_links":{"self":[{"href":"https:\/\/lescanons.co\/en\/wp-json\/wp\/v2\/product\/7187","targetHints":{"allow":["GET"]}}],"collection":[{"href":"https:\/\/lescanons.co\/en\/wp-json\/wp\/v2\/product"}],"about":[{"href":"https:\/\/lescanons.co\/en\/wp-json\/wp\/v2\/types\/product"}],"version-history":[{"count":13,"href":"https:\/\/lescanons.co\/en\/wp-json\/wp\/v2\/product\/7187\/revisions"}],"predecessor-version":[{"id":7371,"href":"https:\/\/lescanons.co\/en\/wp-json\/wp\/v2\/product\/7187\/revisions\/7371"}],"wp:featuredmedia":[{"embeddable":true,"href":"https:\/\/lescanons.co\/en\/wp-json\/wp\/v2\/media\/7203"}],"wp:attachment":[{"href":"https:\/\/lescanons.co\/en\/wp-json\/wp\/v2\/media?parent=7187"}],"wp:term":[{"taxonomy":"product_brand","embeddable":true,"href":"https:\/\/lescanons.co\/en\/wp-json\/wp\/v2\/product_brand?post=7187"},{"taxonomy":"product_cat","embeddable":true,"href":"https:\/\/lescanons.co\/en\/wp-json\/wp\/v2\/product_cat?post=7187"},{"taxonomy":"product_tag","embeddable":true,"href":"https:\/\/lescanons.co\/en\/wp-json\/wp\/v2\/product_tag?post=7187"}],"curies":[{"name":"wp","href":"https:\/\/api.w.org\/{rel}","templated":true}]}}