{"id":7699,"date":"2025-11-27T17:44:29","date_gmt":"2025-11-27T16:44:29","guid":{"rendered":"https:\/\/lescanons.co\/?post_type=product&#038;p=7699"},"modified":"2025-11-27T17:46:17","modified_gmt":"2025-11-27T16:46:17","slug":"coffret-canon-rouge-paradis-magnum","status":"publish","type":"product","link":"https:\/\/lescanons.co\/en\/product\/coffret-canon-rouge-paradis-magnum\/","title":{"rendered":"Coffret Canon Rouge &#8220;Paradis&#8221; Magnum"},"content":{"rendered":"<p>Coffret de 3 bouteilles de 1.5L.<\/p>\n<p><strong>C\u00e9page :<\/strong> 100% Cabernet Franc.<br \/>\n<strong>Terroir :<\/strong> Graviers d&#8217;anjou sur fond argilo-calcaire, coteau expos\u00e9 plein sud<\/p>\n<p><strong>Vinification :<\/strong> Encuvage des baies tri\u00e9es et \u00e9grapp\u00e9es pour n&#8217;extraire que le fruit du raisin et \u00e9viter les ar\u00f4mes v\u00e9g\u00e9taux.<br \/>\nMac\u00e9ration pr\u00e9-fermentaire \u00e0 froid d&#8217;une semaine pour pr\u00e9server la fra\u00eecheur du fruit en commen\u00e7ant l&#8217;extraction aromatique sans alcool, Fermentation et mac\u00e9ration d&#8217;un mois avec remontage r\u00e9gulier adapt\u00e9s selon la d\u00e9gustation.<\/p>\n<p><strong>Profil du Vin :<\/strong> Nous avons choisi la mac\u00e9ration pr\u00e9-fermentaire \u00e0 froid comme moyen d&#8217;expression car nous souhaitions mettre en avant le fruit du Cabernet Franc. Le Paradis est un vin fruit\u00e9 et g\u00e9n\u00e9reux, pourvu d&#8217;une belle trame tannique et d&#8217;une amplitude en bouche g\u00e9n\u00e9reuse, il est le reflet d&#8217;un vin rouge d&#8217;Anjou rac\u00e9 et franc.<\/p>\n<p><strong>Note de d\u00e9gustation : <\/strong>Le nez est profond, g\u00e9n\u00e9reux et envoutant, sur des notes de r\u00e9glisse. Une sensation de fra\u00eecheur s\u2019exprime par une touche l\u00e9g\u00e8rement v\u00e9g\u00e9tale et menthol\u00e9e.<br \/>\nEn bouche, cette cuv\u00e9e exprime une belle persistance aromatique avec une structure tannique fine et complexe sublim\u00e9e par un beau fruit mur du Franc sur schistes.<\/p>\n","protected":false},"excerpt":{"rendered":"<p>Coffret de 3 bouteilles de 1.5L. C\u00e9page : 100% Cabernet Franc. Terroir : Graviers d&#8217;anjou sur fond argilo-calcaire, coteau expos\u00e9 plein sud Vinification : Encuvage des baies tri\u00e9es et \u00e9grapp\u00e9es pour n&#8217;extraire que le fruit du raisin et \u00e9viter les ar\u00f4mes v\u00e9g\u00e9taux. Mac\u00e9ration pr\u00e9-fermentaire \u00e0 froid d&#8217;une semaine pour pr\u00e9server la fra\u00eecheur du fruit en [&hellip;]<\/p>\n","protected":false},"featured_media":7701,"template":"","meta":[],"product_brand":[],"product_cat":[19,29,33],"product_tag":[],"class_list":{"0":"post-7699","1":"product","2":"type-product","3":"status-publish","4":"has-post-thumbnail","6":"product_cat-vins","7":"product_cat-caisse","8":"product_cat-les-parcellaires","10":"first","11":"instock","12":"taxable","13":"shipping-taxable","14":"purchasable","15":"product-type-simple"},"yoast_head":"<!-- This site is optimized with the Yoast SEO plugin v27.4 - https:\/\/yoast.com\/product\/yoast-seo-wordpress\/ -->\n<title>Coffret Canon Rouge &quot;Paradis&quot; Magnum - Domaine Les Canons<\/title>\n<meta name=\"robots\" content=\"index, follow, max-snippet:-1, max-image-preview:large, max-video-preview:-1\" \/>\n<link rel=\"canonical\" href=\"https:\/\/lescanons.co\/produit\/coffret-canon-rouge-paradis-magnum\/\" \/>\n<meta property=\"og:locale\" content=\"en_US\" \/>\n<meta property=\"og:type\" content=\"article\" \/>\n<meta property=\"og:title\" content=\"Coffret Canon Rouge &quot;Paradis&quot; Magnum - Domaine Les Canons\" \/>\n<meta property=\"og:description\" content=\"Coffret de 3 bouteilles de 1.5L. C\u00e9page : 100% Cabernet Franc. Terroir : Graviers d&#8217;anjou sur fond argilo-calcaire, coteau expos\u00e9 plein sud Vinification : Encuvage des baies tri\u00e9es et \u00e9grapp\u00e9es pour n&#8217;extraire que le fruit du raisin et \u00e9viter les ar\u00f4mes v\u00e9g\u00e9taux. Mac\u00e9ration pr\u00e9-fermentaire \u00e0 froid d&#8217;une semaine pour pr\u00e9server la fra\u00eecheur du fruit en [&hellip;]\" \/>\n<meta property=\"og:url\" content=\"https:\/\/lescanons.co\/produit\/coffret-canon-rouge-paradis-magnum\/\" \/>\n<meta property=\"og:site_name\" content=\"Domaine Les Canons\" \/>\n<meta property=\"article:publisher\" content=\"https:\/\/www.facebook.com\/LesCanonsFrance\/\" \/>\n<meta property=\"article:modified_time\" content=\"2025-11-27T16:46:17+00:00\" \/>\n<meta property=\"og:image\" content=\"https:\/\/lescanons.co\/wp-content\/uploads\/2025\/11\/coffret-magnum-le-paradis-noel-2025-produits.webp\" \/>\n\t<meta property=\"og:image:width\" content=\"905\" \/>\n\t<meta property=\"og:image:height\" content=\"905\" \/>\n\t<meta property=\"og:image:type\" content=\"image\/webp\" \/>\n<meta name=\"twitter:card\" content=\"summary_large_image\" \/>\n<meta name=\"twitter:label1\" content=\"Est. reading time\" \/>\n\t<meta name=\"twitter:data1\" content=\"2 minutes\" \/>\n<script type=\"application\/ld+json\" class=\"yoast-schema-graph\">{\"@context\":\"https:\\\/\\\/schema.org\",\"@graph\":[{\"@type\":\"WebPage\",\"@id\":\"https:\\\/\\\/lescanons.co\\\/produit\\\/coffret-canon-rouge-paradis-magnum\\\/\",\"url\":\"https:\\\/\\\/lescanons.co\\\/produit\\\/coffret-canon-rouge-paradis-magnum\\\/\",\"name\":\"Coffret Canon Rouge \\\"Paradis\\\" Magnum - Domaine Les Canons\",\"isPartOf\":{\"@id\":\"https:\\\/\\\/lescanons.co\\\/#website\"},\"primaryImageOfPage\":{\"@id\":\"https:\\\/\\\/lescanons.co\\\/produit\\\/coffret-canon-rouge-paradis-magnum\\\/#primaryimage\"},\"image\":{\"@id\":\"https:\\\/\\\/lescanons.co\\\/produit\\\/coffret-canon-rouge-paradis-magnum\\\/#primaryimage\"},\"thumbnailUrl\":\"https:\\\/\\\/lescanons.co\\\/wp-content\\\/uploads\\\/2025\\\/11\\\/coffret-magnum-le-paradis-noel-2025-produits.webp\",\"datePublished\":\"2025-11-27T16:44:29+00:00\",\"dateModified\":\"2025-11-27T16:46:17+00:00\",\"breadcrumb\":{\"@id\":\"https:\\\/\\\/lescanons.co\\\/produit\\\/coffret-canon-rouge-paradis-magnum\\\/#breadcrumb\"},\"inLanguage\":\"en-US\",\"potentialAction\":[{\"@type\":\"ReadAction\",\"target\":[\"https:\\\/\\\/lescanons.co\\\/produit\\\/coffret-canon-rouge-paradis-magnum\\\/\"]}]},{\"@type\":\"ImageObject\",\"inLanguage\":\"en-US\",\"@id\":\"https:\\\/\\\/lescanons.co\\\/produit\\\/coffret-canon-rouge-paradis-magnum\\\/#primaryimage\",\"url\":\"https:\\\/\\\/lescanons.co\\\/wp-content\\\/uploads\\\/2025\\\/11\\\/coffret-magnum-le-paradis-noel-2025-produits.webp\",\"contentUrl\":\"https:\\\/\\\/lescanons.co\\\/wp-content\\\/uploads\\\/2025\\\/11\\\/coffret-magnum-le-paradis-noel-2025-produits.webp\",\"width\":905,\"height\":905,\"caption\":\"Offre de No\u00ebl\"},{\"@type\":\"BreadcrumbList\",\"@id\":\"https:\\\/\\\/lescanons.co\\\/produit\\\/coffret-canon-rouge-paradis-magnum\\\/#breadcrumb\",\"itemListElement\":[{\"@type\":\"ListItem\",\"position\":1,\"name\":\"Accueil\",\"item\":\"https:\\\/\\\/lescanons.co\\\/en\\\/\"},{\"@type\":\"ListItem\",\"position\":2,\"name\":\"Store\",\"item\":\"https:\\\/\\\/lescanons.co\\\/en\\\/boutique-domaine-les-canons\\\/\"},{\"@type\":\"ListItem\",\"position\":3,\"name\":\"Coffret Canon Rouge \u00ab\u00a0Paradis\u00a0\u00bb Magnum\"}]},{\"@type\":\"WebSite\",\"@id\":\"https:\\\/\\\/lescanons.co\\\/#website\",\"url\":\"https:\\\/\\\/lescanons.co\\\/\",\"name\":\"Domaine Les Canons\",\"description\":\"Vignerons depuis 1674\",\"publisher\":{\"@id\":\"https:\\\/\\\/lescanons.co\\\/#organization\"},\"potentialAction\":[{\"@type\":\"SearchAction\",\"target\":{\"@type\":\"EntryPoint\",\"urlTemplate\":\"https:\\\/\\\/lescanons.co\\\/?s={search_term_string}\"},\"query-input\":{\"@type\":\"PropertyValueSpecification\",\"valueRequired\":true,\"valueName\":\"search_term_string\"}}],\"inLanguage\":\"en-US\"},{\"@type\":\"Organization\",\"@id\":\"https:\\\/\\\/lescanons.co\\\/#organization\",\"name\":\"Domaine Les Canons\",\"url\":\"https:\\\/\\\/lescanons.co\\\/\",\"logo\":{\"@type\":\"ImageObject\",\"inLanguage\":\"en-US\",\"@id\":\"https:\\\/\\\/lescanons.co\\\/#\\\/schema\\\/logo\\\/image\\\/\",\"url\":\"https:\\\/\\\/lescanons.co\\\/wp-content\\\/uploads\\\/2022\\\/04\\\/logocanons-blanc.png\",\"contentUrl\":\"https:\\\/\\\/lescanons.co\\\/wp-content\\\/uploads\\\/2022\\\/04\\\/logocanons-blanc.png\",\"width\":867,\"height\":590,\"caption\":\"Domaine Les Canons\"},\"image\":{\"@id\":\"https:\\\/\\\/lescanons.co\\\/#\\\/schema\\\/logo\\\/image\\\/\"},\"sameAs\":[\"https:\\\/\\\/www.facebook.com\\\/LesCanonsFrance\\\/\",\"https:\\\/\\\/www.tiktok.com\\\/@les.canons.vignerons?is_from_webapp=1&sender_device=pc\"]}]}<\/script>\n<!-- \/ Yoast SEO plugin. -->","yoast_head_json":{"title":"Coffret Canon Rouge \"Paradis\" Magnum - Domaine Les Canons","robots":{"index":"index","follow":"follow","max-snippet":"max-snippet:-1","max-image-preview":"max-image-preview:large","max-video-preview":"max-video-preview:-1"},"canonical":"https:\/\/lescanons.co\/produit\/coffret-canon-rouge-paradis-magnum\/","og_locale":"en_US","og_type":"article","og_title":"Coffret Canon Rouge \"Paradis\" Magnum - Domaine Les Canons","og_description":"Coffret de 3 bouteilles de 1.5L. C\u00e9page : 100% Cabernet Franc. Terroir : Graviers d&#8217;anjou sur fond argilo-calcaire, coteau expos\u00e9 plein sud Vinification : Encuvage des baies tri\u00e9es et \u00e9grapp\u00e9es pour n&#8217;extraire que le fruit du raisin et \u00e9viter les ar\u00f4mes v\u00e9g\u00e9taux. Mac\u00e9ration pr\u00e9-fermentaire \u00e0 froid d&#8217;une semaine pour pr\u00e9server la fra\u00eecheur du fruit en [&hellip;]","og_url":"https:\/\/lescanons.co\/produit\/coffret-canon-rouge-paradis-magnum\/","og_site_name":"Domaine Les Canons","article_publisher":"https:\/\/www.facebook.com\/LesCanonsFrance\/","article_modified_time":"2025-11-27T16:46:17+00:00","og_image":[{"width":905,"height":905,"url":"https:\/\/lescanons.co\/wp-content\/uploads\/2025\/11\/coffret-magnum-le-paradis-noel-2025-produits.webp","type":"image\/webp"}],"twitter_card":"summary_large_image","twitter_misc":{"Est. reading time":"2 minutes"},"schema":{"@context":"https:\/\/schema.org","@graph":[{"@type":"WebPage","@id":"https:\/\/lescanons.co\/produit\/coffret-canon-rouge-paradis-magnum\/","url":"https:\/\/lescanons.co\/produit\/coffret-canon-rouge-paradis-magnum\/","name":"Coffret Canon Rouge \"Paradis\" Magnum - Domaine Les Canons","isPartOf":{"@id":"https:\/\/lescanons.co\/#website"},"primaryImageOfPage":{"@id":"https:\/\/lescanons.co\/produit\/coffret-canon-rouge-paradis-magnum\/#primaryimage"},"image":{"@id":"https:\/\/lescanons.co\/produit\/coffret-canon-rouge-paradis-magnum\/#primaryimage"},"thumbnailUrl":"https:\/\/lescanons.co\/wp-content\/uploads\/2025\/11\/coffret-magnum-le-paradis-noel-2025-produits.webp","datePublished":"2025-11-27T16:44:29+00:00","dateModified":"2025-11-27T16:46:17+00:00","breadcrumb":{"@id":"https:\/\/lescanons.co\/produit\/coffret-canon-rouge-paradis-magnum\/#breadcrumb"},"inLanguage":"en-US","potentialAction":[{"@type":"ReadAction","target":["https:\/\/lescanons.co\/produit\/coffret-canon-rouge-paradis-magnum\/"]}]},{"@type":"ImageObject","inLanguage":"en-US","@id":"https:\/\/lescanons.co\/produit\/coffret-canon-rouge-paradis-magnum\/#primaryimage","url":"https:\/\/lescanons.co\/wp-content\/uploads\/2025\/11\/coffret-magnum-le-paradis-noel-2025-produits.webp","contentUrl":"https:\/\/lescanons.co\/wp-content\/uploads\/2025\/11\/coffret-magnum-le-paradis-noel-2025-produits.webp","width":905,"height":905,"caption":"Offre de No\u00ebl"},{"@type":"BreadcrumbList","@id":"https:\/\/lescanons.co\/produit\/coffret-canon-rouge-paradis-magnum\/#breadcrumb","itemListElement":[{"@type":"ListItem","position":1,"name":"Accueil","item":"https:\/\/lescanons.co\/en\/"},{"@type":"ListItem","position":2,"name":"Store","item":"https:\/\/lescanons.co\/en\/boutique-domaine-les-canons\/"},{"@type":"ListItem","position":3,"name":"Coffret Canon Rouge \u00ab\u00a0Paradis\u00a0\u00bb Magnum"}]},{"@type":"WebSite","@id":"https:\/\/lescanons.co\/#website","url":"https:\/\/lescanons.co\/","name":"Domaine Les Canons","description":"Vignerons depuis 1674","publisher":{"@id":"https:\/\/lescanons.co\/#organization"},"potentialAction":[{"@type":"SearchAction","target":{"@type":"EntryPoint","urlTemplate":"https:\/\/lescanons.co\/?s={search_term_string}"},"query-input":{"@type":"PropertyValueSpecification","valueRequired":true,"valueName":"search_term_string"}}],"inLanguage":"en-US"},{"@type":"Organization","@id":"https:\/\/lescanons.co\/#organization","name":"Domaine Les Canons","url":"https:\/\/lescanons.co\/","logo":{"@type":"ImageObject","inLanguage":"en-US","@id":"https:\/\/lescanons.co\/#\/schema\/logo\/image\/","url":"https:\/\/lescanons.co\/wp-content\/uploads\/2022\/04\/logocanons-blanc.png","contentUrl":"https:\/\/lescanons.co\/wp-content\/uploads\/2022\/04\/logocanons-blanc.png","width":867,"height":590,"caption":"Domaine Les Canons"},"image":{"@id":"https:\/\/lescanons.co\/#\/schema\/logo\/image\/"},"sameAs":["https:\/\/www.facebook.com\/LesCanonsFrance\/","https:\/\/www.tiktok.com\/@les.canons.vignerons?is_from_webapp=1&sender_device=pc"]}]}},"_links":{"self":[{"href":"https:\/\/lescanons.co\/en\/wp-json\/wp\/v2\/product\/7699","targetHints":{"allow":["GET"]}}],"collection":[{"href":"https:\/\/lescanons.co\/en\/wp-json\/wp\/v2\/product"}],"about":[{"href":"https:\/\/lescanons.co\/en\/wp-json\/wp\/v2\/types\/product"}],"version-history":[{"count":2,"href":"https:\/\/lescanons.co\/en\/wp-json\/wp\/v2\/product\/7699\/revisions"}],"predecessor-version":[{"id":7709,"href":"https:\/\/lescanons.co\/en\/wp-json\/wp\/v2\/product\/7699\/revisions\/7709"}],"wp:featuredmedia":[{"embeddable":true,"href":"https:\/\/lescanons.co\/en\/wp-json\/wp\/v2\/media\/7701"}],"wp:attachment":[{"href":"https:\/\/lescanons.co\/en\/wp-json\/wp\/v2\/media?parent=7699"}],"wp:term":[{"taxonomy":"product_brand","embeddable":true,"href":"https:\/\/lescanons.co\/en\/wp-json\/wp\/v2\/product_brand?post=7699"},{"taxonomy":"product_cat","embeddable":true,"href":"https:\/\/lescanons.co\/en\/wp-json\/wp\/v2\/product_cat?post=7699"},{"taxonomy":"product_tag","embeddable":true,"href":"https:\/\/lescanons.co\/en\/wp-json\/wp\/v2\/product_tag?post=7699"}],"curies":[{"name":"wp","href":"https:\/\/api.w.org\/{rel}","templated":true}]}}